{"id":4784,"date":"2025-04-20T15:26:06","date_gmt":"2025-04-20T13:26:06","guid":{"rendered":"https:\/\/www.asatru-cal.es\/socios\/?page_id=4784"},"modified":"2025-04-20T15:26:06","modified_gmt":"2025-04-20T13:26:06","slug":"politica-de-cookies","status":"publish","type":"page","link":"https:\/\/www.asatru-cal.es\/socios\/politica-de-cookies\/","title":{"rendered":"Pol\u00edtica de Cookies"},"content":{"rendered":"\n<h1 class=\"wp-block-heading alignfull has-text-align-center has-nv-site-bg-color has-nv-dark-bg-background-color has-text-color has-background has-huge-font-size\" id=\"politica-de-cookies\"><\/h1>\n\n\n\n<p class=\"has-text-align-center has-small-font-size\">En la web <a href=\"https:\/\/www.asatru-cal.es\/\" data-type=\"URL\" data-id=\"https:\/\/www.asatru-cal.es\/\">https:\/\/www.asatru-cal.es\/<\/a>&nbsp;(en adelante, el Sitio Web) utilizamos cookies para facilitar la relaci\u00f3n de los visitantes con nuestro contenido y para permitir elaborar estad\u00edsticas sobre las visitantes que recibimos.<\/p>\n\n\n\n<pre class=\"wp-block-preformatted\">En cumplimiento con lo dispuesto en e<em>l<\/em><strong><em> Art\u00edculo 22.2 de la Ley 34\/2002, de 11 de julio<\/em><\/strong>, de <em>Servicios de la Sociedad de la Informaci\u00f3n y de Comercio Electr\u00f3nico,<\/em> esta p\u00e1gina web le informa, en esta secci\u00f3n, sobre la pol\u00edtica de recogida y tratamiento de cookies.<\/pre>\n\n\n\n<div style=\"height:29px\" aria-hidden=\"true\" class=\"wp-block-spacer\"><\/div>\n\n\n\n<div class=\"wp-block-group\"><div class=\"wp-block-group__inner-container is-layout-flow wp-block-group-is-layout-flow\">\n<h2 class=\"wp-block-heading has-nv-dark-bg-color has-text-color has-large-font-size\" id=\"que-son-las-cookies\"><strong>\u00bfQu\u00e9 son las cookies?<\/strong><\/h2>\n\n\n\n<p class=\"has-text-align-center has-small-font-size\"><strong>Una cookie es un fichero que se descarga en su ordenador al acceder a determinadas p\u00e1ginas web. <\/strong><\/p>\n\n\n\n<p class=\"has-text-align-center has-small-font-size\">Las cookies permiten a una p\u00e1gina web, entre otras cosas, <strong>almacenar y recuperar informaci\u00f3n sobre los h\u00e1bitos de navegaci\u00f3n de un usuario <\/strong>o de su equipo y, dependiendo de la informaci\u00f3n que contengan y de la forma en que utilice su equipo, pueden utilizarse para reconocer al usuario.<\/p>\n<\/div><\/div>\n\n\n\n<div style=\"height:38px\" aria-hidden=\"true\" class=\"wp-block-spacer\"><\/div>\n\n\n\n<div class=\"wp-block-group\"><div class=\"wp-block-group__inner-container is-layout-flow wp-block-group-is-layout-flow\">\n<h2 class=\"wp-block-heading has-large-font-size\" id=\"que-tipos-de-cookies-utiliza-esta-pagina-web\"><strong>\u00bfQu\u00e9 tipos de cookies utiliza esta p\u00e1gina web?<\/strong><\/h2>\n\n\n\n<p class=\"has-text-align-center has-small-font-size\">Por una parte, el titular de este Sitio Web utilizar\u00e1 cookies propias t\u00e9cnicas para las que no es necesaria la obtenci\u00f3n de su consentimiento por estar excluidas del \u00e1mbito de aplicaci\u00f3n del art\u00edculo 22.2 de la Ley 34\/2002, de 11 de julio, de servicios de la sociedad de la informaci\u00f3n y de comercio electr\u00f3nico.<\/p>\n\n\n\n<p class=\"has-text-align-center has-small-font-size\"><strong>No obstante, este Sitio Web instala cookies que requieren el consentimiento de los usuarios. <\/strong><\/p>\n<\/div><\/div>\n\n\n\n<div style=\"height:30px\" aria-hidden=\"true\" class=\"wp-block-spacer\"><\/div>\n\n\n\n<hr class=\"wp-block-separator has-css-opacity is-style-wide\"\/>\n\n\n\n<p class=\"has-text-align-center has-medium-font-size\"><strong>A continuaci\u00f3n podr\u00e1 encontrar la informaci\u00f3n relativa a dichas cookies<\/strong>: <\/p>\n\n\n\n<hr class=\"wp-block-separator has-css-opacity is-style-dots\"\/>\n\n\n\n<div class=\"wp-block-columns is-layout-flex wp-container-core-columns-is-layout-9d6595d7 wp-block-columns-is-layout-flex\">\n<div class=\"wp-block-column is-layout-flow wp-block-column-is-layout-flow\">\n<div class=\"wp-block-group\"><div class=\"wp-block-group__inner-container is-layout-flow wp-block-group-is-layout-flow\">\n<h3 class=\"wp-block-heading has-nv-site-bg-color has-nv-dark-bg-background-color has-text-color has-background has-normal-font-size\" id=\"segun-la-entidad-que-las-gestiona\">Seg\u00fan la entidad que las gestiona<\/h3>\n\n\n\n<ul class=\"wp-block-list has-small-font-size\">\n<li><strong>Cookies propias:&nbsp;<\/strong>\n<ul class=\"wp-block-list\">\n<li>Son aquellas enviadas y gestionadas directamente por CONSEJO ASATRUAR LIBRE<\/li>\n<\/ul>\n<\/li>\n\n\n\n<li><strong>Cookies de terceros:&nbsp;<\/strong>\n<ul class=\"wp-block-list\">\n<li>Son aquellas que se env\u00edan al usuario desde un dominio ajeno a <\/li>\n<\/ul>\n<\/li>\n\n\n\n<li><strong>CONSEJO ASATRUAR LIBRE<\/strong><\/li>\n<\/ul>\n<\/div><\/div>\n\n\n\n<div style=\"height:38px\" aria-hidden=\"true\" class=\"wp-block-spacer\"><\/div>\n\n\n\n<div class=\"wp-block-columns is-layout-flex wp-container-core-columns-is-layout-9d6595d7 wp-block-columns-is-layout-flex\">\n<div class=\"wp-block-column is-layout-flow wp-block-column-is-layout-flow\">\n<div class=\"wp-block-group\"><div class=\"wp-block-group__inner-container is-layout-flow wp-block-group-is-layout-flow\">\n<h3 class=\"wp-block-heading has-nv-site-bg-color has-nv-dark-bg-background-color has-text-color has-background has-normal-font-size\" id=\"segun-su-duracion\">Seg\u00fan su duraci\u00f3n<\/h3>\n\n\n\n<div class=\"wp-block-group\"><div class=\"wp-block-group__inner-container is-layout-flow wp-block-group-is-layout-flow\">\n<ul class=\"wp-block-list has-small-font-size\">\n<li><strong>Cookies de sesi\u00f3n:&nbsp;<\/strong>\n<ul class=\"wp-block-list\">\n<li>Son aquellas dise\u00f1adas para recabar y almacenar datos mientras el usuario accede al sitio Web.<\/li>\n<\/ul>\n<\/li>\n\n\n\n<li><strong>Cookies persistentes:<\/strong>\n<ul class=\"wp-block-list\">\n<li>Son aquellas en las que los datos siguen almacenados en el terminal del usuario y pueden ser accedidos y tratados durante un per\u00edodo definido por el responsable de la cookie.<\/li>\n<\/ul>\n<\/li>\n<\/ul>\n<\/div><\/div>\n<\/div><\/div>\n<\/div>\n<\/div>\n<\/div>\n\n\n\n<div class=\"wp-block-column is-layout-flow wp-block-column-is-layout-flow\">\n<div class=\"wp-block-group\"><div class=\"wp-block-group__inner-container is-layout-flow wp-block-group-is-layout-flow\">\n<h3 class=\"wp-block-heading has-nv-site-bg-color has-nv-dark-bg-background-color has-text-color has-background has-normal-font-size\" id=\"segun-su-finalidad\">Seg\u00fan su finalidad<\/h3>\n\n\n\n<ul class=\"wp-block-list has-small-font-size\">\n<li><strong>Cookies t\u00e9cnicas:&nbsp;<\/strong>\n<ul class=\"wp-block-list\">\n<li>Son aquellas que permiten a los usuarios registrados navegar a trav\u00e9s del sitio Web, del \u00e1rea restringida y a utilizar sus diferentes funciones, como por ejemplo, el buscador o llevar a cabo el proceso de compra de un Producto o Servicio.<\/li>\n<\/ul>\n<\/li>\n\n\n\n<li><strong>Cookies de personalizaci\u00f3n:<\/strong>\n<ul class=\"wp-block-list\">\n<li>Son aquellas que permiten a los usuarios acceder al Servicio con algunas caracter\u00edsticas de car\u00e1cter general predefinidas en funci\u00f3n de una serie de criterios establecidos por el usuario como, por ejemplo, el idioma o el tipo de navegador a trav\u00e9s del cual se conecta a este sitio Web.<\/li>\n<\/ul>\n<\/li>\n\n\n\n<li><strong>Cookies de an\u00e1lisis o medici\u00f3n:<\/strong>\n<ul class=\"wp-block-list\">\n<li><strong>&nbsp;<\/strong>Son aquellas que, bien tratadas por el sitio Web o por terceros, permiten cuantificar el n\u00famero de usuarios y as\u00ed realizar la medici\u00f3n y an\u00e1lisis estad\u00edstico de la utilizaci\u00f3n que hacen los usuarios del sitio Web. Para ello se analiza la navegaci\u00f3n que realizas en este sitio Web con el fin de mejorarlo.<\/li>\n<\/ul>\n<\/li>\n\n\n\n<li><strong>Cookies sociales:<\/strong>\n<ul class=\"wp-block-list\">\n<li>&nbsp;Son establecidas por las plataformas de redes sociales para permitir a los usuarios compartir contenido con sus amigos y redes.<\/li>\n<\/ul>\n<\/li>\n<\/ul>\n<\/div><\/div>\n<\/div>\n<\/div>\n\n\n\n<div style=\"height:28px\" aria-hidden=\"true\" class=\"wp-block-spacer\"><\/div>\n\n\n\n<div class=\"wp-block-columns is-layout-flex wp-container-core-columns-is-layout-9d6595d7 wp-block-columns-is-layout-flex\">\n<div class=\"wp-block-column is-layout-flow wp-block-column-is-layout-flow\" style=\"flex-basis:100%\">\n<div class=\"wp-block-group alignwide\"><div class=\"wp-block-group__inner-container is-layout-flow wp-block-group-is-layout-flow\">\n<h2 class=\"wp-block-heading alignwide has-text-align-center has-nv-site-bg-color has-nv-dark-bg-background-color has-text-color has-background has-large-font-size\" id=\"cookies-propias\"><strong>COOKIES PROPIAS<\/strong><\/h2>\n\n\n\n<p class=\"has-text-align-center has-medium-font-size\"><strong>Este sitio Web puede instalar las siguientes cookies:<\/strong><\/p>\n\n\n\n<div class=\"wp-block-columns is-layout-flex wp-container-core-columns-is-layout-9d6595d7 wp-block-columns-is-layout-flex\">\n<div class=\"wp-block-column is-layout-flow wp-block-column-is-layout-flow\">\n<div class=\"wp-block-group\"><div class=\"wp-block-group__inner-container is-layout-flow wp-block-group-is-layout-flow\">\n<h3 class=\"wp-block-heading has-nv-site-bg-color has-nv-dark-bg-background-color has-text-color has-background has-normal-font-size\" id=\"cookies-tecnicas\"><strong>Cookies t\u00e9cnicas<\/strong><\/h3>\n\n\n\n<ul class=\"wp-block-list has-small-font-size\">\n<li><strong>wp-settings-{user_id}:<\/strong>&nbsp;Cookie t\u00e9cnica que se usa para mantener la configuraci\u00f3n del usuario en wp-admin. Es persistente y tiene una duraci\u00f3n de 1 a\u00f1o.<\/li>\n\n\n\n<li><strong>hasConsent:<\/strong>&nbsp;Cookie t\u00e9cnica que almacena el consentimiento del usuario. Es persistente y tiene una duraci\u00f3n de 1 a\u00f1o.<\/li>\n<\/ul>\n<\/div><\/div>\n<\/div>\n\n\n\n<div class=\"wp-block-column is-layout-flow wp-block-column-is-layout-flow\">\n<div class=\"wp-block-group\"><div class=\"wp-block-group__inner-container is-layout-flow wp-block-group-is-layout-flow\">\n<h3 class=\"wp-block-heading has-nv-site-bg-color has-nv-dark-bg-background-color has-text-color has-background has-normal-font-size\" id=\"cookies-de-analisis-o-medicion\"><strong>Cookies de an\u00e1lisis o medici\u00f3n<\/strong><\/h3>\n\n\n\n<div class=\"wp-block-group\"><div class=\"wp-block-group__inner-container is-layout-flow wp-block-group-is-layout-flow\">\n<ul class=\"wp-block-list has-small-font-size\">\n<li><strong>_fbp:<\/strong>&nbsp;Cookie que mide el rendimiento de la publicidad de Facebook. Es persistente y tiene una duraci\u00f3n de 1 d\u00eda.<\/li>\n\n\n\n<li><strong>fr, sb:<\/strong>&nbsp;Cookies que miden el rendimiento de la publicidad de Facebook. Son cookies persistentes.<\/li>\n\n\n\n<li><strong>Pixel:<\/strong>&nbsp;Cookie que permite ofrecer a los visitantes del sitio Web publicidad personalizada en su plataforma bas\u00e1ndose en los datos relativos a las cabeceras http, el p\u00edxel (ID, cookie Facebook), y registrar y comunicar a Facebook las acciones del usuario en el sitio Web.<\/li>\n\n\n\n<li><strong>_ga:<\/strong>&nbsp;Cookie Anal\u00edtica que habilita la funci\u00f3n de control de visitas \u00fanicas. Es persistente y tiene una duraci\u00f3n de 2 a\u00f1os.<\/li>\n\n\n\n<li><strong>_gat:<\/strong>&nbsp;Cookie Anal\u00edtica para limitar el n\u00famero de solicitudes. Su \u00e1mbito es la sesi\u00f3n y tiene una duraci\u00f3n de 1 minuto.<\/li>\n\n\n\n<li><strong>_gid:<\/strong>&nbsp;Cookie Anal\u00edtica para distinguir usuarios. Su \u00e1mbito es la sesi\u00f3n y tiene una duraci\u00f3n de 24 horas.<\/li>\n<\/ul>\n<\/div><\/div>\n<\/div><\/div>\n<\/div>\n<\/div>\n<\/div><\/div>\n<\/div>\n<\/div>\n\n\n\n<div style=\"height:33px\" aria-hidden=\"true\" class=\"wp-block-spacer\"><\/div>\n\n\n\n<div class=\"wp-block-group\"><div class=\"wp-block-group__inner-container is-layout-flow wp-block-group-is-layout-flow\">\n<h2 class=\"wp-block-heading alignwide has-text-align-center has-nv-site-bg-color has-nv-dark-bg-background-color has-text-color has-background has-large-font-size\" id=\"cookies-de-terceros\"><strong>COOKIES DE TERCEROS:<\/strong><\/h2>\n\n\n\n<ul class=\"wp-block-list has-small-font-size\">\n<li>En nuestro Sitio Web utilizamos el sistema de medici\u00f3n de audiencia Google Analytics, una herramienta de an\u00e1lisis web de Google LLC. (\u201cGoogle\u201d), con domicilio en 1600 Amphitheatre Parkway, Mountain View, California 94043 (EE. UU.), que nos permite conocer c\u00f3mo interact\u00faan los usuarios de nuestro Sitio.<\/li>\n\n\n\n<li>La instalaci\u00f3n de las cookies anal\u00edticas de este servicio junto con nuestros archivos de registro del servidor, nos permite conocer el n\u00famero total de usuarios que visitan nuestro Sitio Web y aquellas partes del mismo que gozan de mayor popularidad.<\/li>\n\n\n\n<li>Gracias a ellas obtenemos una informaci\u00f3n que puede ayudarnos a mejorar la navegaci\u00f3n y dar un mejor servicio a usuarios y clientes. Le informamos de que la transferencia internacional a<\/li>\n\n\n\n<li>Google se ampara en la formalizaci\u00f3n de las cl\u00e1usulas contractuales tipo aprobadas por la Comisi\u00f3n Europea.<\/li>\n<\/ul>\n<\/div><\/div>\n\n\n\n<div style=\"height:37px\" aria-hidden=\"true\" class=\"wp-block-spacer\"><\/div>\n\n\n\n<hr class=\"wp-block-separator has-css-opacity is-style-wide\"\/>\n\n\n\n<div class=\"wp-block-group\"><div class=\"wp-block-group__inner-container is-layout-flow wp-block-group-is-layout-flow\">\n<p class=\"has-text-align-center has-medium-font-size\"><strong>A continuaci\u00f3n puede ver el listado detallado de Cookies que instala el servicio Google Analytics a trav\u00e9s de nuestro Sitio Web:<\/strong><\/p>\n\n\n\n<hr class=\"wp-block-separator has-css-opacity is-style-dots\"\/>\n\n\n\n<div class=\"wp-block-columns is-layout-flex wp-container-core-columns-is-layout-9d6595d7 wp-block-columns-is-layout-flex\">\n<div class=\"wp-block-column is-layout-flow wp-block-column-is-layout-flow\">\n<ul class=\"wp-block-list has-small-font-size\">\n<li><strong>Google Analytics (_gid):<\/strong>\n<ul class=\"wp-block-list\">\n<li>Se utiliza para identificar al mismo usuario durante un \u00fanico d\u00eda. Tiene una duraci\u00f3n de 24 horas.<\/li>\n<\/ul>\n<\/li>\n<\/ul>\n\n\n\n<div class=\"wp-block-columns is-layout-flex wp-container-core-columns-is-layout-9d6595d7 wp-block-columns-is-layout-flex\">\n<div class=\"wp-block-column is-layout-flow wp-block-column-is-layout-flow\">\n<ul class=\"wp-block-list has-small-font-size\">\n<li><strong>Google Analytics (_gat):<\/strong>\n<ul class=\"wp-block-list\">\n<li>Se utiliza para diferenciar entre los diferentes objetos de seguimiento creados en la sesi\u00f3n. La cookie se actualiza cada vez que env\u00eda los datos a Google Analytics. Tiene una duraci\u00f3n de 1 minuto.<\/li>\n<\/ul>\n<\/li>\n<\/ul>\n<\/div>\n<\/div>\n<\/div>\n\n\n\n<div class=\"wp-block-column is-layout-flow wp-block-column-is-layout-flow\">\n<ul class=\"wp-block-list has-small-font-size\">\n<li><strong>Google Analytics (_ga):<\/strong>\n<ul class=\"wp-block-list\">\n<li> Se utiliza para identificar y distinguir a un usuario. Almacenan un identificador de cliente \u00fanico (ID de cliente), que se genera aleatoriamente. Se utiliza para calcular las interacciones de los usuarios (visitas, los datos de usuarios, sesiones y campa\u00f1as), con el fin de optimizar los servicios que ofrecen. Tiene una duraci\u00f3n de 2 a\u00f1os.<\/li>\n<\/ul>\n<\/li>\n<\/ul>\n<\/div>\n<\/div>\n<\/div><\/div>\n\n\n\n<div style=\"height:37px\" aria-hidden=\"true\" class=\"wp-block-spacer\"><\/div>\n\n\n\n<div class=\"wp-block-group\"><div class=\"wp-block-group__inner-container is-layout-flow wp-block-group-is-layout-flow\">\n<h2 class=\"wp-block-heading alignwide has-text-align-center has-nv-site-bg-color has-nv-dark-bg-background-color has-text-color has-background has-large-font-size\" id=\"cookies-sociales\"><strong>COOKIES SOCIALES.<\/strong><\/h2>\n\n\n\n<ul class=\"wp-block-list has-small-font-size\">\n<li><strong>El sitio Web incluye<\/strong> otras funcionalidades proporcionadas por servicios de terceros y redes sociales para mejorar la experiencia de los visitantes. <\/li>\n\n\n\n<li><strong>Puedes compartir el contenido en sus redes sociales como \u00abFacebook\u00bb, \u00abTwitter\u00bb, \u00abInstagram\u00bb, \u00abVimeo\u00bb o \u00abYouTube\u00bb <\/strong>con los botones incluidos a tal efecto o con las herramientas para compartir propias de las redes sociales. <\/li>\n\n\n\n<li><strong>Como resultado, estos servicios pueden instalar cookies y utilizarlas para rastrear tu actividad online. <\/strong>No tenemos control directo sobre la informaci\u00f3n recopilada por estas cookies.<\/li>\n\n\n\n<li><strong>El sitio Web puede instalar otras cookies.<\/strong><\/li>\n<\/ul>\n\n\n\n<div style=\"height:45px\" aria-hidden=\"true\" class=\"wp-block-spacer\"><\/div>\n<\/div><\/div>\n\n\n\n<div class=\"wp-block-columns is-layout-flex wp-container-core-columns-is-layout-9d6595d7 wp-block-columns-is-layout-flex\">\n<div class=\"wp-block-column is-layout-flow wp-block-column-is-layout-flow\" style=\"flex-basis:100%\">\n<div class=\"wp-block-group alignwide\"><div class=\"wp-block-group__inner-container is-layout-flow wp-block-group-is-layout-flow\">\n<div class=\"wp-block-group alignwide\"><div class=\"wp-block-group__inner-container is-layout-flow wp-block-group-is-layout-flow\">\n<h2 class=\"wp-block-heading alignwide has-text-align-center has-nv-site-bg-color has-nv-dark-bg-background-color has-text-color has-background has-large-font-size\" id=\"como-desactivar-las-cookies\"><strong>COMO DESACTIVAR LAS COOKIES.<\/strong><\/h2>\n\n\n\n<ul class=\"wp-block-list has-small-font-size\">\n<li>Puede usted eliminar, bloquear o deshabilitar las cookies en cualquier momento modificando la configuraci\u00f3n de su navegador, que le permitir\u00e1 rechazar la instalaci\u00f3n de todas las cookies o de algunas de ellas.<\/li>\n\n\n\n<li><strong>Si elimina todas las cookies de este sitio web, a trav\u00e9s de su navegador, <\/strong>borrar\u00e1 tambi\u00e9n las opciones de configuraci\u00f3n que haya elegido sobre nuestras cookies (aceptaci\u00f3n, rechazo o revocaci\u00f3n de su uso).<\/li>\n<\/ul>\n<\/div><\/div>\n\n\n\n<div style=\"height:37px\" aria-hidden=\"true\" class=\"wp-block-spacer\"><\/div>\n<\/div><\/div>\n<\/div>\n<\/div>\n\n\n\n<hr class=\"wp-block-separator has-css-opacity is-style-wide\"\/>\n\n\n\n<p class=\"has-text-align-center\"><strong>A continuaci\u00f3n, podr\u00e1 encontrar informaci\u00f3n sobre c\u00f3mo gestionar el uso de cookies en funci\u00f3n del navegador utilizado:<\/strong><\/p>\n\n\n\n<hr class=\"wp-block-separator has-css-opacity is-style-dots\"\/>\n\n\n\n<ul class=\"wp-block-list has-small-font-size\">\n<li><strong>Firefox<\/strong>\n<ul class=\"wp-block-list\">\n<li><a href=\"https:\/\/support.mozilla.org\/es\/kb\/habilitar-y-deshabilitar-cookies-sitios-web-rastrear-preferencias\">https:\/\/support.mozilla.org\/es\/kb\/habilitar-y-deshabilitar-cookies-sitios-web-rastrear-preferencias&nbsp;<\/a><\/li>\n<\/ul>\n<\/li>\n\n\n\n<li><strong>Chrome<\/strong>\n<ul class=\"wp-block-list\">\n<li><a href=\"https:\/\/support.google.com\/chrome\/answer\/95647?co=GENIE.Platform%3DDesktop&amp;hl=es\">https:\/\/support.google.com\/chrome\/answer\/95647?co=GENIE.Platform%3DDesktop&amp;hl=es<\/a><\/li>\n<\/ul>\n<\/li>\n\n\n\n<li><strong>Safari<\/strong>\n<ul class=\"wp-block-list\">\n<li><a href=\"https:\/\/support.apple.com\/es-es\/guide\/safari\/sfri11471\/mac\">https:\/\/support.apple.com\/es-es\/guide\/safari\/sfri11471\/mac&nbsp;&nbsp;<\/a><\/li>\n<\/ul>\n<\/li>\n\n\n\n<li><strong>Internet Explorer<\/strong>\n<ul class=\"wp-block-list\">\n<li><a href=\"https:\/\/support.microsoft.com\/es-es\/help\/17442\/windows-internet-explorer-delete-manage-cookies\">https:\/\/support.microsoft.com\/es-es\/help\/17442\/windows-internet-explorer-delete-manage-cookies<\/a><\/li>\n<\/ul>\n<\/li>\n\n\n\n<li><strong>Microsoft Edge<\/strong>\n<ul class=\"wp-block-list\">\n<li><a href=\"https:\/\/privacy.microsoft.com\/es-es\/windows-10-microsoft-edge-and-privacy\">https:\/\/privacy.microsoft.com\/es-es\/windows-10-microsoft-edge-and-privacy<\/a><\/li>\n<\/ul>\n<\/li>\n<\/ul>\n\n\n\n<div style=\"height:41px\" aria-hidden=\"true\" class=\"wp-block-spacer\"><\/div>\n\n\n\n<h2 class=\"wp-block-heading has-text-align-center has-nv-site-bg-color has-nv-dark-bg-background-color has-text-color has-background has-large-font-size\" id=\"informacion-adicional\"><strong>Informaci\u00f3n adicional<\/strong>.<\/h2>\n\n\n\n<ul class=\"wp-block-list has-small-font-size\">\n<li>En la p\u00e1gina&nbsp;<a href=\"https:\/\/www.facebook.com\/policies\/cookies\/\">Pol\u00edtica de Cookies de Facebook<\/a>&nbsp;obtendr\u00e1s obt\u00e9n m\u00e1s informaci\u00f3n sobre el uso de las cookies por parte de Facebook.<\/li>\n\n\n\n<li>Google Analytics puede instalar otras cookies seg\u00fan el documento&nbsp;<a href=\"https:\/\/developers.google.com\/analytics\/devguides\/collection\/analyticsjs\/cookie-usage?hl=es\">Uso de las cookies de Google Analytics en sitios web<\/a>.<\/li>\n<\/ul>\n\n\n\n<div style=\"height:42px\" aria-hidden=\"true\" class=\"wp-block-spacer\"><\/div>\n\n\n\n<h2 class=\"wp-block-heading has-text-align-center has-nv-site-bg-color has-nv-dark-bg-background-color has-text-color has-background has-large-font-size\" id=\"rechazo-y-revocacion-de-consentimiento\"><strong>Rechazo y revocaci\u00f3n de consentimiento<\/strong><\/h2>\n\n\n\n<p class=\"has-small-font-size\">Puede rechazar el uso de cookies en este sitio web y revocar su consentimiento utilizando la siguiente herramienta:&nbsp;<\/p>\n\n\n\n<div style=\"height:35px\" aria-hidden=\"true\" class=\"wp-block-spacer\"><\/div>\n\n\n\n<h3 class=\"wp-block-heading has-text-align-center has-nv-site-bg-color has-nv-dark-bg-background-color has-text-color has-background has-medium-font-size\" id=\"configurador-de-cookies\">Configurador de Cookies.<\/h3>\n\n\n\n<ul class=\"wp-block-list has-small-font-size\">\n<li><strong>Modificaci\u00f3n en la pol\u00edtica de cookies<\/strong>\n<ul class=\"wp-block-list\">\n<li>Es posible que actualicemos la Pol\u00edtica de Cookies de nuestro Sitio Web.<\/li>\n\n\n\n<li>Por ello, le recomendamos revisar esta pol\u00edtica cada vez que acceda a nuestro Sitio Web con el objetivo de estar adecuadamente informado sobre c\u00f3mo y para qu\u00e9 usamos las cookies.<\/li>\n<\/ul>\n<\/li>\n\n\n\n<li><strong>Pol\u00edtica de privacidad<\/strong>\n<ul class=\"wp-block-list\">\n<li>Puede leer nuestra&nbsp;<strong>pol\u00edtica de privacidad<\/strong>&nbsp;para una mayor informaci\u00f3n sobre el tratamiento de datos personales.<\/li>\n<\/ul>\n<\/li>\n<\/ul>\n\n\n\n<div style=\"height:41px\" aria-hidden=\"true\" class=\"wp-block-spacer\"><\/div>\n\n\n\n<hr class=\"wp-block-separator has-css-opacity is-style-wide\"\/>\n\n\n\n<figure class=\"wp-block-pullquote\"><blockquote><p><strong>CONTACTO<\/strong><\/p><cite> Si tuviera alguna duda, comentario o sugerencia sobre la Pol\u00edtica de Cookies, por favor escriba a:&nbsp;<a href=\"mailto:consejo@consejoasatruarlibre.es\">consejo@consejoasatruarlibre.es<\/a> <\/cite><\/blockquote><\/figure>\n\n\n\n<hr class=\"wp-block-separator has-css-opacity is-style-default\"\/>\n\n\n\n<p><\/p>\n","protected":false},"excerpt":{"rendered":"<p>En la web https:\/\/www.asatru-cal.es\/&nbsp;(en adelante, el Sitio Web) utilizamos cookies para facilitar la relaci\u00f3n de los visitantes con nuestro contenido y para permitir elaborar estad\u00edsticas sobre las visitantes que recibimos. En cumplimiento con lo dispuesto en el Art\u00edculo 22.2 de la Ley 34\/2002, de 11 de julio, de Servicios de la Sociedad de la Informaci\u00f3n [&hellip;]<\/p>\n","protected":false},"author":1,"featured_media":0,"parent":0,"menu_order":0,"comment_status":"closed","ping_status":"closed","template":"","meta":{"_bbp_topic_count":0,"_bbp_reply_count":0,"_bbp_total_topic_count":0,"_bbp_total_reply_count":0,"_bbp_voice_count":0,"_bbp_anonymous_reply_count":0,"_bbp_topic_count_hidden":0,"_bbp_reply_count_hidden":0,"_bbp_forum_subforum_count":0,"footnotes":""},"class_list":["post-4784","page","type-page","status-publish","hentry"],"_links":{"self":[{"href":"https:\/\/www.asatru-cal.es\/socios\/wp-json\/wp\/v2\/pages\/4784","targetHints":{"allow":["GET"]}}],"collection":[{"href":"https:\/\/www.asatru-cal.es\/socios\/wp-json\/wp\/v2\/pages"}],"about":[{"href":"https:\/\/www.asatru-cal.es\/socios\/wp-json\/wp\/v2\/types\/page"}],"author":[{"embeddable":true,"href":"https:\/\/www.asatru-cal.es\/socios\/wp-json\/wp\/v2\/users\/1"}],"replies":[{"embeddable":true,"href":"https:\/\/www.asatru-cal.es\/socios\/wp-json\/wp\/v2\/comments?post=4784"}],"version-history":[{"count":1,"href":"https:\/\/www.asatru-cal.es\/socios\/wp-json\/wp\/v2\/pages\/4784\/revisions"}],"predecessor-version":[{"id":4785,"href":"https:\/\/www.asatru-cal.es\/socios\/wp-json\/wp\/v2\/pages\/4784\/revisions\/4785"}],"wp:attachment":[{"href":"https:\/\/www.asatru-cal.es\/socios\/wp-json\/wp\/v2\/media?parent=4784"}],"curies":[{"name":"wp","href":"https:\/\/api.w.org\/{rel}","templated":true}]}}