{"id":4782,"date":"2025-04-20T15:24:36","date_gmt":"2025-04-20T13:24:36","guid":{"rendered":"https:\/\/www.asatru-cal.es\/socios\/?page_id=4782"},"modified":"2025-04-20T15:24:36","modified_gmt":"2025-04-20T13:24:36","slug":"declaracion-de-principios","status":"publish","type":"page","link":"https:\/\/www.asatru-cal.es\/socios\/declaracion-de-principios\/","title":{"rendered":"Declaraci\u00f3n de Principios"},"content":{"rendered":"\n<p>El<strong> Consejo Asatruar Libre<\/strong> (en adelante <strong>CAL<\/strong>), con la presente declaraci\u00f3n no pretendemos sino hacer constar que el \u00c1satr\u00fa es una religi\u00f3n perfectamente compatible con la sociedad del siglo XXI y que puede ser profesada por cualquier persona sin importar su raza, ideolog\u00eda pol\u00edtica, g\u00e9nero, orientaci\u00f3n sexual o capacidades f\u00edsicas y mentales. Lamentamos profundamente vernos en la obligaci\u00f3n de realizar este tipo de declaraciones, pero el hecho de que parte de nuestras creencias y simbolog\u00eda fueran utilizadas y deformadas por el Nacional Socialismo de mediados del siglo XX y que sus nuevas corrientes contin\u00faen haci\u00e9ndolo hoy en d\u00eda nos obliga a desmarcarnos de ellas de una manera clara e inequ\u00edvoca.<\/p>\n\n\n\n<h2 class=\"wp-block-heading\">As\u00ed, para que conste a todos los efectos, el Consejo Asatruar Libre declara que:<\/h2>\n\n\n\n<h3 class=\"wp-block-heading\">RECHAZAMOS TODA FORMA DE RACISMO Y XENOFOBIA<\/h3>\n\n\n\n<p>No presuponemos a ninguna persona m\u00e1s o menos v\u00e1lida en ning\u00fan aspecto de la vida por pertenecer a un grupo \u00e9tnico o una nacionalidad concreta, lo cual, por supuesto, implica que la \u201craza\u201d o el pa\u00eds de origen en ning\u00fan caso suponen un impedimento para formar parte de nuestra entidad, ni hace que, formando parte de ella, haya algunos miembros m\u00e1s \u201caut\u00e9nticos\u201d o dignos que otros.<\/p>\n\n\n\n<h3 class=\"wp-block-heading\">RECHAZAMOS CUALQUIER TIPO DE DISCRIMINACI\u00d3N POR MOTIVO DE G\u00c9NERO<\/h3>\n\n\n\n<p>En nuestras creencias no hay lugar para considerar a un g\u00e9nero m\u00e1s valido que el otro. Si bien distintos, el hombre y la mujer son de entrada igualmente v\u00e1lidos para el desempe\u00f1o de cualquier tarea. Reprobamos las actitudes que imponen o excluyen a alguien de un rol exclusivamente por su g\u00e9nero, sea este de nacimiento o adquirido<\/p>\n\n\n\n<h3 class=\"wp-block-heading\">RECHAZAMOS CUALQUIER TIPO DE DISCRIMINACI\u00d3N POR CUESTIONES DE ORIENTACI\u00d3N SEXUAL E IDENTIDAD DE G\u00c9NERO<\/h3>\n\n\n\n<p>Consideramos que nuestras creencias valoran por encima de todo la libertad individual. A qui\u00e9n ame cada cual, lo que haga en la intimidad de su dormitorio o las muestras de cari\u00f1o que quiera dar en p\u00fablico, as\u00ed como con qu\u00e9 g\u00e9nero se sienta identificado, no es asunto de nadie m\u00e1s que de la propia persona, sin que sea esta por ello m\u00e1s o menos v\u00e1lida o deseable para ninguna tarea o puesto y, por supuesto, sin que ello suponga un motivo de invalidez para practicar nuestras creencias<\/p>\n\n\n\n<h3 class=\"wp-block-heading\">RECHAZAMOS EL AUTORITARISMO<\/h3>\n\n\n\n<p>Nuestra organizaci\u00f3n es abiertamente democr\u00e1tica y las personas que la conformamos nos declaramos en contra de toda forma de organizaci\u00f3n dictatorial en la que no se les d\u00e9 a sus miembros la oportunidad de elegir a sus representantes.<br>M\u00e1s de una vez nos hemos encontrado con individuos desp\u00f3ticos que han generado entidades religiosas donde por encima de la fe estaba el culto a su persona, con el \u00fanico objetivo de alimentar su ego. Esta actitud nos parece tan absurda como condenable.<\/p>\n\n\n\n<h3 class=\"wp-block-heading\">RECHAZAMOS EL PROSELITISMO<\/h3>\n\n\n\n<p>Estamos firmemente en contra de cualquier actividad que tenga como finalidad el convencer a cualquier persona de unirse a una religi\u00f3n. Creemos que a nuestros Dioses se debe llegar libre y conscientemente, siguiendo cada uno su propio camino, sin que exista persuasi\u00f3n o acci\u00f3n coercitiva que le dirija. Nuestra labor es brindar la informaci\u00f3n necesaria para que quien quiera acercarse a nuestras creencias lo haga de manera libre y con el conocimiento necesario.<\/p>\n\n\n\n<h3 class=\"wp-block-heading\">RECHAZAMOS EL EXPANSIONISMO<\/h3>\n\n\n\n<p>Creemos que el crecimiento de una organizaci\u00f3n nunca debe basarse en fagocitar a otros grupos o entidades despoj\u00e1ndoles de su propia identidad y autonom\u00eda.<br>Apostamos firmemente por la colaboraci\u00f3n entre grupos afines y creemos en las relaciones entre iguales, en los pactos o hermanamientos (t\u00e9rmino que en castellano no tiene ninguna connotaci\u00f3n religiosa per se) que plasman sobre el papel una voluntad de colaboraci\u00f3n y apoyo mutuo, as\u00ed como en cualquier otro tipo de acuerdo o tratado en el que ninguna parte se vea subyugada por la otra<\/p>\n\n\n\n<h3 class=\"wp-block-heading\">RECHAZAMOS EL CLASISMO<\/h3>\n\n\n\n<p>Discriminar a una persona por su nivel de ingresos o posici\u00f3n social nos parece de todo punto absurdo. A una persona se la mide por la calidad de sus actos, no por su forma de vestir, sus or\u00edgenes o los bienes y posesiones que tenga.<\/p>\n\n\n\n<h3 class=\"wp-block-heading\">RECHAZAMOS LA DISCRIMINACI\u00d3N HACIA CUALQUIER FORMA DE DIVERSIDAD FUNCIONAL<\/h3>\n\n\n\n<p>No discriminamos a nadie en funci\u00f3n de sus capacidades f\u00edsicas o mentales. Todos somos \u00fatiles, todos tenemos un papel en el mundo. Como bien rezan unos antiguos versos asatruar:<\/p>\n\n\n\n<blockquote class=\"wp-block-quote is-layout-flow wp-block-quote-is-layout-flow\">\n<p>\u201cEl cojo monta a caballo, el manco gu\u00eda la reata,<br>el sordo lucha y es \u00fatil;<br>mejor ser ciego que incinerado:<br>a nadie sirve un cad\u00e1ver.\u201d<\/p>\n<\/blockquote>\n\n\n\n<h2 class=\"wp-block-heading\">SOMOS APOL\u00cdTICOS<\/h2>\n\n\n\n<ul class=\"wp-block-list\">\n<li>Nos es indiferente cual sea la opini\u00f3n pol\u00edtica de cada cual.<\/li>\n\n\n\n<li>Nuestra entidad es de car\u00e1cter religioso y a nuestro modo de ver pol\u00edtica y religi\u00f3n deben permanecer separadas.<\/li>\n\n\n\n<li>Los puntos expuestos anteriormente son, bajo nuestro punto de vista, una defensa de algunos de los derechos fundamentales e incuestionables de la persona.<\/li>\n\n\n\n<li>No los consideramos algo propio de una u otra orientaci\u00f3n pol\u00edtica sino unos principios fundamentales que van m\u00e1s all\u00e1 de estas y que deben ser la base de cualquier di\u00e1logo posterior.<\/li>\n\n\n\n<li>Para nosotros el odio y la discriminaci\u00f3n simplemente no son una opini\u00f3n pol\u00edtica.<\/li>\n\n\n\n<li>Con esta declaraci\u00f3n queremos dejar claras las actitudes que el Consejo Asatruar Libre rechaza tanto dentro como fuera de su organizaci\u00f3n.<\/li>\n\n\n\n<li>Tenemos el firme convencimiento de que si todo grupo religioso se apegase a estos principios ser\u00eda posible establecer una convivencia basada en el respeto mutuo, enriqueciendo el n\u00famero de opciones religiosas a las que una persona pudiera adherirse y d\u00e1ndole total libertad al individuo para unirse a la que considere m\u00e1s adecuada para s\u00ed mismo.&nbsp;<\/li>\n\n\n\n<li>Por ello invitamos a las entidades afines, tanto espa\u00f1olas como extranjeras, a firmar con nosotros esta declaraci\u00f3n de principios cuyo \u00fanico objetivo es marcar la diferencia frente al odio y la discriminaci\u00f3n.<\/li>\n<\/ul>\n\n\n\n<p>Escrito por: Carlos A. Freire,<br>revisado y corregido por: Adri\u00e1n Rogles, Juan Fern\u00e1ndez y Enrique Herranz.<br>Y con la colaboraci\u00f3n de la <strong>Forja <\/strong>del <strong>Consejo Asatruar Libre<\/strong>.<\/p>\n\n\n\n<p><\/p>\n","protected":false},"excerpt":{"rendered":"<p>El Consejo Asatruar Libre (en adelante CAL), con la presente declaraci\u00f3n no pretendemos sino hacer constar que el \u00c1satr\u00fa es una religi\u00f3n perfectamente compatible con la sociedad del siglo XXI y que puede ser profesada por cualquier persona sin importar su raza, ideolog\u00eda pol\u00edtica, g\u00e9nero, orientaci\u00f3n sexual o capacidades f\u00edsicas y mentales. Lamentamos profundamente vernos [&hellip;]<\/p>\n","protected":false},"author":1,"featured_media":0,"parent":0,"menu_order":0,"comment_status":"closed","ping_status":"closed","template":"","meta":{"_bbp_topic_count":0,"_bbp_reply_count":0,"_bbp_total_topic_count":0,"_bbp_total_reply_count":0,"_bbp_voice_count":0,"_bbp_anonymous_reply_count":0,"_bbp_topic_count_hidden":0,"_bbp_reply_count_hidden":0,"_bbp_forum_subforum_count":0,"footnotes":""},"class_list":["post-4782","page","type-page","status-publish","hentry"],"_links":{"self":[{"href":"https:\/\/www.asatru-cal.es\/socios\/wp-json\/wp\/v2\/pages\/4782","targetHints":{"allow":["GET"]}}],"collection":[{"href":"https:\/\/www.asatru-cal.es\/socios\/wp-json\/wp\/v2\/pages"}],"about":[{"href":"https:\/\/www.asatru-cal.es\/socios\/wp-json\/wp\/v2\/types\/page"}],"author":[{"embeddable":true,"href":"https:\/\/www.asatru-cal.es\/socios\/wp-json\/wp\/v2\/users\/1"}],"replies":[{"embeddable":true,"href":"https:\/\/www.asatru-cal.es\/socios\/wp-json\/wp\/v2\/comments?post=4782"}],"version-history":[{"count":1,"href":"https:\/\/www.asatru-cal.es\/socios\/wp-json\/wp\/v2\/pages\/4782\/revisions"}],"predecessor-version":[{"id":4783,"href":"https:\/\/www.asatru-cal.es\/socios\/wp-json\/wp\/v2\/pages\/4782\/revisions\/4783"}],"wp:attachment":[{"href":"https:\/\/www.asatru-cal.es\/socios\/wp-json\/wp\/v2\/media?parent=4782"}],"curies":[{"name":"wp","href":"https:\/\/api.w.org\/{rel}","templated":true}]}}